{"id":1542,"date":"2023-08-30T15:01:50","date_gmt":"2023-08-30T15:01:50","guid":{"rendered":"https:\/\/shop.hotelinternazionale.it\/?post_type=product&#038;p=1542"},"modified":"2023-08-30T15:57:28","modified_gmt":"2023-08-30T15:57:28","slug":"merlot-ermacora","status":"publish","type":"product","link":"https:\/\/shop.hotelinternazionale.it\/en\/negozio\/vini\/rossi\/merlot-ermacora\/","title":{"rendered":"Merlot - Ermacora"},"content":{"rendered":"<p>With Merlot, you will feel like diving into the most genuine of jams or into the memory of that grandmother's tart you loved so much. The black berry grape of the Merlot cultivar arrived in Friuli in 1880, from the French region of Bordeaux. It is the most widely produced red wine in Friuli and for our grandparents was the only possible response to the request 'Dami un taj di neri'. It never plays the big voice and adapts to the variability of climatic conditions without losing its identity. Alcohol: 13.5%.<\/p>","protected":false},"excerpt":{"rendered":"<p>Con il Merlot ti sembrer\u00e0 di tuffarti nella pi\u00f9 genuina delle marmellate o nel ricordo di quella crostata della nonna che ti piaceva tanto. L\u2019uva a bacca nera della cultivar Merlot \u00e8 arrivata in Friuli nel 1880, dalla zona francese del Bordeaux. \u00c8 il vino rosso pi\u00f9 prodotto in Friuli e per i nostri nonni [&hellip;]<\/p>","protected":false},"featured_media":1562,"comment_status":"open","ping_status":"closed","template":"","meta":[],"product_cat":[103],"product_tag":[],"class_list":{"0":"post-1542","1":"product","2":"type-product","3":"status-publish","4":"has-post-thumbnail","6":"product_cat-rossi","8":"first","9":"instock","10":"taxable","11":"shipping-taxable","12":"purchasable","13":"product-type-simple"},"_links":{"self":[{"href":"https:\/\/shop.hotelinternazionale.it\/en\/wp-json\/wp\/v2\/product\/1542","targetHints":{"allow":["GET"]}}],"collection":[{"href":"https:\/\/shop.hotelinternazionale.it\/en\/wp-json\/wp\/v2\/product"}],"about":[{"href":"https:\/\/shop.hotelinternazionale.it\/en\/wp-json\/wp\/v2\/types\/product"}],"replies":[{"embeddable":true,"href":"https:\/\/shop.hotelinternazionale.it\/en\/wp-json\/wp\/v2\/comments?post=1542"}],"wp:featuredmedia":[{"embeddable":true,"href":"https:\/\/shop.hotelinternazionale.it\/en\/wp-json\/wp\/v2\/media\/1562"}],"wp:attachment":[{"href":"https:\/\/shop.hotelinternazionale.it\/en\/wp-json\/wp\/v2\/media?parent=1542"}],"wp:term":[{"taxonomy":"product_cat","embeddable":true,"href":"https:\/\/shop.hotelinternazionale.it\/en\/wp-json\/wp\/v2\/product_cat?post=1542"},{"taxonomy":"product_tag","embeddable":true,"href":"https:\/\/shop.hotelinternazionale.it\/en\/wp-json\/wp\/v2\/product_tag?post=1542"}],"curies":[{"name":"wp","href":"https:\/\/api.w.org\/{rel}","templated":true}]}}